{"id":156,"date":"2014-04-28T20:19:18","date_gmt":"2014-04-28T19:19:18","guid":{"rendered":"https:\/\/www.taxisherbrooke.com\/liens-2"},"modified":"2015-08-28T14:15:51","modified_gmt":"2015-08-28T13:15:51","slug":"links","status":"publish","type":"page","link":"https:\/\/www.taxisherbrooke.com\/en\/links","title":{"rendered":"Links"},"content":{"rendered":"<ul>\n<li><a href=\"http:\/\/www.sts.qc.ca\/\" target=\"_blank\">Soci\u00e9t\u00e9 de transport de Sherbrooke<\/a><\/li>\n<li><a href=\"http:\/\/www.sherbrooke.radioenergie.ca\/\" target=\"_blank\">\u00c9nergie Estrie 106.1<\/a><\/li>\n<li><a href=\"http:\/\/estrie.rougefm.ca\/\" target=\"_blank\">Rouge FM 102.7<\/a><\/li>\n<li><a href=\"http:\/\/www.cooltaxiquebec.ca\/\" target=\"_blank\">Cool Taxi<\/a><\/li>\n<li><a href=\"http:\/\/sherbrooketoyota.ca\/\" target=\"_blank\">Sherbrooke Toyota<\/a><\/li>\n<\/ul>\n","protected":false},"excerpt":{"rendered":"<p>Soci\u00e9t\u00e9 de transport de Sherbrooke \u00c9nergie Estrie 106.1 Rouge FM 102.7 Cool Taxi Sherbrooke Toyota<\/p>\n","protected":false},"author":193,"featured_media":0,"parent":0,"menu_order":0,"comment_status":"open","ping_status":"closed","template":"","meta":{"_acf_changed":false,"_bbp_topic_count":0,"_bbp_reply_count":0,"_bbp_total_topic_count":0,"_bbp_total_reply_count":0,"_bbp_voice_count":0,"_bbp_anonymous_reply_count":0,"_bbp_topic_count_hidden":0,"_bbp_reply_count_hidden":0,"_bbp_forum_subforum_count":0,"ngg_post_thumbnail":0,"footnotes":""},"class_list":["post-156","page","type-page","status-publish","hentry"],"acf":[],"yoast_head":"<!-- This site is optimized with the Yoast SEO plugin v27.4 - https:\/\/yoast.com\/product\/yoast-seo-wordpress\/ -->\n<title>Links - Taxis de Sherbrooke<\/title>\n<meta name=\"robots\" content=\"index, follow, max-snippet:-1, max-image-preview:large, max-video-preview:-1\" \/>\n<link rel=\"canonical\" href=\"https:\/\/www.taxisherbrooke.com\/en\/links\" \/>\n<meta property=\"og:locale\" content=\"en_US\" \/>\n<meta property=\"og:type\" content=\"article\" \/>\n<meta property=\"og:title\" content=\"Links - Taxis de Sherbrooke\" \/>\n<meta property=\"og:description\" content=\"Soci\u00e9t\u00e9 de transport de Sherbrooke \u00c9nergie Estrie 106.1 Rouge FM 102.7 Cool Taxi Sherbrooke Toyota\" \/>\n<meta property=\"og:url\" content=\"https:\/\/www.taxisherbrooke.com\/en\/links\" \/>\n<meta property=\"og:site_name\" content=\"Taxis de Sherbrooke\" \/>\n<meta property=\"article:modified_time\" content=\"2015-08-28T13:15:51+00:00\" \/>\n<meta name=\"twitter:card\" content=\"summary_large_image\" \/>\n<script type=\"application\/ld+json\" class=\"yoast-schema-graph\">{\"@context\":\"https:\\\/\\\/schema.org\",\"@graph\":[{\"@type\":\"WebPage\",\"@id\":\"https:\\\/\\\/www.taxisherbrooke.com\\\/en\\\/links\",\"url\":\"https:\\\/\\\/www.taxisherbrooke.com\\\/en\\\/links\",\"name\":\"Links - Taxis de Sherbrooke\",\"isPartOf\":{\"@id\":\"https:\\\/\\\/www.taxisherbrooke.com\\\/en#website\"},\"datePublished\":\"2014-04-28T19:19:18+00:00\",\"dateModified\":\"2015-08-28T13:15:51+00:00\",\"breadcrumb\":{\"@id\":\"https:\\\/\\\/www.taxisherbrooke.com\\\/en\\\/links#breadcrumb\"},\"inLanguage\":\"en-US\",\"potentialAction\":[{\"@type\":\"ReadAction\",\"target\":[\"https:\\\/\\\/www.taxisherbrooke.com\\\/en\\\/links\"]}]},{\"@type\":\"BreadcrumbList\",\"@id\":\"https:\\\/\\\/www.taxisherbrooke.com\\\/en\\\/links#breadcrumb\",\"itemListElement\":[{\"@type\":\"ListItem\",\"position\":1,\"name\":\"Accueil\",\"item\":\"https:\\\/\\\/www.taxisherbrooke.com\\\/en\"},{\"@type\":\"ListItem\",\"position\":2,\"name\":\"Links\"}]},{\"@type\":\"WebSite\",\"@id\":\"https:\\\/\\\/www.taxisherbrooke.com\\\/en#website\",\"url\":\"https:\\\/\\\/www.taxisherbrooke.com\\\/en\",\"name\":\"Taxis de Sherbrooke\",\"description\":\"Un site utilisant WordPress\",\"potentialAction\":[{\"@type\":\"SearchAction\",\"target\":{\"@type\":\"EntryPoint\",\"urlTemplate\":\"https:\\\/\\\/www.taxisherbrooke.com\\\/en?s={search_term_string}\"},\"query-input\":{\"@type\":\"PropertyValueSpecification\",\"valueRequired\":true,\"valueName\":\"search_term_string\"}}],\"inLanguage\":\"en-US\"}]}<\/script>\n<!-- \/ Yoast SEO plugin. -->","yoast_head_json":{"title":"Links - Taxis de Sherbrooke","robots":{"index":"index","follow":"follow","max-snippet":"max-snippet:-1","max-image-preview":"max-image-preview:large","max-video-preview":"max-video-preview:-1"},"canonical":"https:\/\/www.taxisherbrooke.com\/en\/links","og_locale":"en_US","og_type":"article","og_title":"Links - Taxis de Sherbrooke","og_description":"Soci\u00e9t\u00e9 de transport de Sherbrooke \u00c9nergie Estrie 106.1 Rouge FM 102.7 Cool Taxi Sherbrooke Toyota","og_url":"https:\/\/www.taxisherbrooke.com\/en\/links","og_site_name":"Taxis de Sherbrooke","article_modified_time":"2015-08-28T13:15:51+00:00","twitter_card":"summary_large_image","schema":{"@context":"https:\/\/schema.org","@graph":[{"@type":"WebPage","@id":"https:\/\/www.taxisherbrooke.com\/en\/links","url":"https:\/\/www.taxisherbrooke.com\/en\/links","name":"Links - Taxis de Sherbrooke","isPartOf":{"@id":"https:\/\/www.taxisherbrooke.com\/en#website"},"datePublished":"2014-04-28T19:19:18+00:00","dateModified":"2015-08-28T13:15:51+00:00","breadcrumb":{"@id":"https:\/\/www.taxisherbrooke.com\/en\/links#breadcrumb"},"inLanguage":"en-US","potentialAction":[{"@type":"ReadAction","target":["https:\/\/www.taxisherbrooke.com\/en\/links"]}]},{"@type":"BreadcrumbList","@id":"https:\/\/www.taxisherbrooke.com\/en\/links#breadcrumb","itemListElement":[{"@type":"ListItem","position":1,"name":"Accueil","item":"https:\/\/www.taxisherbrooke.com\/en"},{"@type":"ListItem","position":2,"name":"Links"}]},{"@type":"WebSite","@id":"https:\/\/www.taxisherbrooke.com\/en#website","url":"https:\/\/www.taxisherbrooke.com\/en","name":"Taxis de Sherbrooke","description":"Un site utilisant WordPress","potentialAction":[{"@type":"SearchAction","target":{"@type":"EntryPoint","urlTemplate":"https:\/\/www.taxisherbrooke.com\/en?s={search_term_string}"},"query-input":{"@type":"PropertyValueSpecification","valueRequired":true,"valueName":"search_term_string"}}],"inLanguage":"en-US"}]}},"_links":{"self":[{"href":"https:\/\/www.taxisherbrooke.com\/en\/wp-json\/wp\/v2\/pages\/156","targetHints":{"allow":["GET"]}}],"collection":[{"href":"https:\/\/www.taxisherbrooke.com\/en\/wp-json\/wp\/v2\/pages"}],"about":[{"href":"https:\/\/www.taxisherbrooke.com\/en\/wp-json\/wp\/v2\/types\/page"}],"author":[{"embeddable":true,"href":"https:\/\/www.taxisherbrooke.com\/en\/wp-json\/wp\/v2\/users\/193"}],"replies":[{"embeddable":true,"href":"https:\/\/www.taxisherbrooke.com\/en\/wp-json\/wp\/v2\/comments?post=156"}],"version-history":[{"count":0,"href":"https:\/\/www.taxisherbrooke.com\/en\/wp-json\/wp\/v2\/pages\/156\/revisions"}],"wp:attachment":[{"href":"https:\/\/www.taxisherbrooke.com\/en\/wp-json\/wp\/v2\/media?parent=156"}],"curies":[{"name":"wp","href":"https:\/\/api.w.org\/{rel}","templated":true}]}}